{"id":221,"date":"2024-07-04T21:19:54","date_gmt":"2024-07-04T19:19:54","guid":{"rendered":"http:\/\/kancelaria.mielec.pl\/?page_id=221"},"modified":"2024-07-16T16:01:29","modified_gmt":"2024-07-16T14:01:29","slug":"kontakt","status":"publish","type":"page","link":"https:\/\/kancelaria.mielec.pl\/index.php\/kontakt\/","title":{"rendered":"Kontakt"},"content":{"rendered":"\n<div style=\"height:100px\" aria-hidden=\"true\" class=\"wp-block-spacer uag-hide-tab uag-hide-mob\"><\/div>\n\n\n\n<div style=\"height:5px\" aria-hidden=\"true\" class=\"wp-block-spacer uag-hide-desktop\"><\/div>\n\n\n\n<div class=\"wp-block-media-text alignwide has-media-on-the-right is-stacked-on-mobile is-vertically-aligned-top\" style=\"grid-template-columns:auto 60%\"><div class=\"wp-block-media-text__content\">\n<div style=\"height:20px\" aria-hidden=\"true\" class=\"wp-block-spacer uag-hide-desktop\"><\/div>\n\n\n\n<div class=\"wp-block-uagb-advanced-heading uagb-block-bea7d76c\"><h2 class=\"uagb-heading-text\"><strong>Kancelaria Radcy Prawnego<\/strong><br><strong>Izabela Kwoka-Bauer<\/strong><\/h2><\/div>\n\n\n\n<div class=\"wp-block-uagb-advanced-heading uagb-block-f8ec95f9\"><h2 class=\"uagb-heading-text\"><br>ul. Sienkiewicza 1,<br>39-300 Mielec,<br><a href=\"https:\/\/maps.app.goo.gl\/odFpYdirx1Tn4sf79\">Zobacz na mapie<\/a><br><br>Tel.: <a href=\"Tel: +48508564266\">+ 48 508 564 266<\/a>,<br>E-mail: <a href=\"mailto:kancelaria.kwokabauer@gmail.com\">kancelaria.kwokabauer@gmail.com<\/a><br><br>NIP: 817 208 14 48, REGON: 381 996 100&nbsp;<\/h2><\/div>\n\n\n\n<div class=\"wp-block-uagb-advanced-heading uagb-block-faac083e\"><h2 class=\"uagb-heading-text\"><br><strong>Kancelaria Radcy Prawnego<\/strong><br><strong>Pawe\u0142 Marty\u0144ski<\/strong><\/h2><\/div>\n\n\n\n<div class=\"wp-block-uagb-advanced-heading uagb-block-d7ee9f64\"><h2 class=\"uagb-heading-text\"><br>ul. Sienkiewicza 1,<br>39-300 Mielec,<br><a href=\"https:\/\/maps.app.goo.gl\/BL567gEzBCSkTuNh7\">Zobacz na mapie<\/a><br><br>Tel.: <a href=\"Tel: +48669978630\">+ 48 669 978 630<\/a>,<br>E-mail: <a href=\"mailto:kancelaria.mielec@op.pl\">kancelaria.mielec@op.pl<\/a>,<br><br>NIP: 795 217 18 24, REGON: 180 424 051<\/h2><\/div>\n<\/div><figure class=\"wp-block-media-text__media\"><img fetchpriority=\"high\" decoding=\"async\" width=\"1024\" height=\"675\" src=\"http:\/\/kancelaria.mielec.pl\/wp-content\/uploads\/2024\/07\/IMG_20221209_120020-1024x675.jpg\" alt=\"\" class=\"wp-image-600 size-full\" srcset=\"https:\/\/kancelaria.mielec.pl\/wp-content\/uploads\/2024\/07\/IMG_20221209_120020-1024x675.jpg 1024w, https:\/\/kancelaria.mielec.pl\/wp-content\/uploads\/2024\/07\/IMG_20221209_120020-300x198.jpg 300w, https:\/\/kancelaria.mielec.pl\/wp-content\/uploads\/2024\/07\/IMG_20221209_120020-768x506.jpg 768w, https:\/\/kancelaria.mielec.pl\/wp-content\/uploads\/2024\/07\/IMG_20221209_120020-1536x1013.jpg 1536w, https:\/\/kancelaria.mielec.pl\/wp-content\/uploads\/2024\/07\/IMG_20221209_120020-2048x1350.jpg 2048w\" sizes=\"(max-width: 1024px) 100vw, 1024px\" \/><\/figure><\/div>\n\n\n\n<div style=\"height:50px\" aria-hidden=\"true\" class=\"wp-block-spacer\"><\/div>\n\n\n\n<div style=\"height:50px\" aria-hidden=\"true\" class=\"wp-block-spacer\"><\/div>\n\n\n\n<div class=\"wp-block-uagb-container uagb-block-fde7f74a alignfull uagb-is-root-container\">\t\t\t<div \n\t\t\tclass=\"wp-block-uagb-google-map uagb-google-map__wrap uagb-block-67f48dc6     \"\n\t\t\tstyle=\"\" >\n\t\t\t\t<embed\n\t\t\t\t\tclass=\"uagb-google-map__iframe\"\n\t\t\t\t\ttitle=\"Mapa Google dla \"\n\t\t\t\t\tsrc=\"https:\/\/maps.google.com\/maps?q=Mielec%2C%20ul.%20Sienkiewicza%201&#038;z=16&#038;hl=pl&#038;t=k&#038;output=embed&#038;iwloc=near\"\n\t\t\t\t\twidth=\"640\"\n\t\t\t\t\theight=\"700\"\n\t\t\t\t\tloading=\"lazy\"\n\t\t\t\t><\/embed>\n\t\t\t<\/div>\n\t\t\t<\/div>\n\n\n\n<div class=\"wp-block-uagb-container uagb-block-ebe048b5 alignfull uagb-is-root-container\"><div class=\"uagb-container-inner-blocks-wrap\">\n<div class=\"wp-block-uagb-advanced-heading uagb-block-5ac6e3ee\"><h2 class=\"uagb-heading-text\"><br>Skontaktuj si\u0119 z nam<\/h2><\/div>\n<\/div><\/div>\n\n\n\n<div class=\"wp-block-uagb-container .container {  width: 100%; max-width: padding: 0; margin: } uagb-layout-flex uagb-block-415659d2 alignfull uagb-is-root-container\"><div class=\"uagb-container-inner-blocks-wrap\">\n<div class=\"wp-block-uagb-forms uagb-forms__outer-wrap uagb-block-c5403c23 uagb-forms__medium-btn\"><form class=\"uagb-forms-main-form\" method=\"post\" autocomplete=\"on\" name=\"uagb-form-c5403c23\">\n<div class=\"wp-block-uagb-forms-name uagb-forms-name-wrap uagb-forms-field-set uagb-block-c69644f1\"><div class=\"uagb-forms-name-label required uagb-forms-input-label\" id=\"c69644f1\">Imi\u0119<\/div><input type=\"text\" placeholder=\"Jan\" required class=\"uagb-forms-name-input uagb-forms-input\" name=\"c69644f1\" autocomplete=\"given-name\"\/><\/div>\n\n\n\n<div class=\"wp-block-uagb-forms-name uagb-forms-name-wrap uagb-forms-field-set uagb-block-49bd4d62\"><div class=\"uagb-forms-name-label required uagb-forms-input-label\" id=\"49bd4d62\">Nazwisko<\/div><input type=\"text\" placeholder=\"Kowalski\" required class=\"uagb-forms-name-input uagb-forms-input\" name=\"49bd4d62\" autocomplete=\"family-name\"\/><\/div>\n\n\n\n<div class=\"wp-block-uagb-forms-email uagb-forms-email-wrap uagb-forms-field-set uagb-block-0387edfe\"><div class=\"uagb-forms-email-label  uagb-forms-input-label\" id=\"0387edfe\">E-mail<\/div><input type=\"email\" class=\"uagb-forms-email-input uagb-forms-input\" placeholder=\"jan.kowalski@mail.com\" name=\"0387edfe\" autocomplete=\"email\"\/><\/div>\n\n\n\n<div class=\"wp-block-uagb-forms-phone uagb-forms-phone-wrap uagb-forms-field-set uagb-block-b8c1431e\"><div class=\"uagb-forms-phone-label  uagb-forms-input-label\" id=\"b8c1431e\">Numer telefonu<\/div><div class=\"uagb-forms-phone-flex\"><select class=\"uagb-forms-input uagb-form-phone-country\" id=\"uagb-form-country-b8c1431e\" name=\"Numer telefonu[]\"><option value=\"+44\">UK (+44)<\/option><option value=\"+1\">USA \/ Canada (+1)<\/option><option value=\"+213\">Algeria (+213)<\/option><option value=\"+376\">Andorra (+376)<\/option><option value=\"+244\">Angola (+244)<\/option><option value=\"+1264\">Anguilla (+1264)<\/option><option value=\"+1268\">Antigua &amp; Barbuda (+1268)<\/option><option value=\"+54\">Argentina (+54)<\/option><option value=\"+374\">Armenia (+374)<\/option><option value=\"+297\">Aruba (+297)<\/option><option value=\"+61\">Australia (+61)<\/option><option value=\"+43\">Austria (+43)<\/option><option value=\"+994\">Azerbaijan (+994)<\/option><option value=\"+1242\">Bahamas (+1242)<\/option><option value=\"+973\">Bahrain (+973)<\/option><option value=\"+880\">Bangladesh (+880)<\/option><option value=\"+1246\">Barbados (+1246)<\/option><option value=\"+375\">Belarus (+375)<\/option><option value=\"+32\">Belgium (+32)<\/option><option value=\"+501\">Belize (+501)<\/option><option value=\"+229\">Benin (+229)<\/option><option value=\"+1441\">Bermuda (+1441)<\/option><option value=\"+975\">Bhutan (+975)<\/option><option value=\"+591\">Bolivia (+591)<\/option><option value=\"+387\">Bosnia Herzegovina (+387)<\/option><option value=\"+267\">Botswana (+267)<\/option><option value=\"+55\">Brazil (+55)<\/option><option value=\"+673\">Brunei (+673)<\/option><option value=\"+359\">Bulgaria (+359)<\/option><option value=\"+226\">Burkina Faso (+226)<\/option><option value=\"+257\">Burundi (+257)<\/option><option value=\"+855\">Cambodia (+855)<\/option><option value=\"+237\">Cameroon (+237)<\/option><option value=\"+238\">Cape Verde Islands (+238)<\/option><option value=\"+1345\">Cayman Islands (+1345)<\/option><option value=\"+236\">Central African Republic (+236)<\/option><option value=\"+56\">Chile (+56)<\/option><option value=\"+86\">China (+86)<\/option><option value=\"+57\">Colombia (+57)<\/option><option value=\"+269\">Comoros (+269)<\/option><option value=\"+242\">Congo (+242)<\/option><option value=\"+682\">Cook Islands (+682)<\/option><option value=\"+506\">Costa Rica (+506)<\/option><option value=\"+385\">Croatia (+385)<\/option><option value=\"+53\">Cuba (+53)<\/option><option value=\"+90392\">Cyprus North (+90392)<\/option><option value=\"+357\">Cyprus South (+357)<\/option><option value=\"+420\">Czech Republic (+420)<\/option><option value=\"+45\">Denmark (+45)<\/option><option value=\"+253\">Djibouti (+253)<\/option><option value=\"+1809\">Dominica (+1809)<\/option><option value=\"+1809\">Dominican Republic (+1809)<\/option><option value=\"+593\">Ecuador (+593)<\/option><option value=\"+20\">Egypt (+20)<\/option><option value=\"+503\">El Salvador (+503)<\/option><option value=\"+240\">Equatorial Guinea (+240)<\/option><option value=\"+291\">Eritrea (+291)<\/option><option value=\"+372\">Estonia (+372)<\/option><option value=\"+251\">Ethiopia (+251)<\/option><option value=\"+500\">Falkland Islands (+500)<\/option><option value=\"+298\">Faroe Islands (+298)<\/option><option value=\"+679\">Fiji (+679)<\/option><option value=\"+358\">Finland (+358)<\/option><option value=\"+33\">France (+33)<\/option><option value=\"+594\">French Guiana (+594)<\/option><option value=\"+689\">French Polynesia (+689)<\/option><option value=\"+241\">Gabon (+241)<\/option><option value=\"+220\">Gambia (+220)<\/option><option value=\"+7880\">Georgia (+7880)<\/option><option value=\"+49\">Germany (+49)<\/option><option value=\"+233\">Ghana (+233)<\/option><option value=\"+350\">Gibraltar (+350)<\/option><option value=\"+30\">Greece (+30)<\/option><option value=\"+299\">Greenland (+299)<\/option><option value=\"+1473\">Grenada (+1473)<\/option><option value=\"+590\">Guadeloupe (+590)<\/option><option value=\"+671\">Guam (+671)<\/option><option value=\"+502\">Guatemala (+502)<\/option><option value=\"+224\">Guinea (+224)<\/option><option value=\"+245\">Guinea &#8211; Bissau (+245)<\/option><option value=\"+592\">Guyana (+592)<\/option><option value=\"+509\">Haiti (+509)<\/option><option value=\"+504\">Honduras (+504)<\/option><option value=\"+852\">Hong Kong (+852)<\/option><option value=\"+36\">Hungary (+36)<\/option><option value=\"+354\">Iceland (+354)<\/option><option value=\"+91\">India (+91)<\/option><option value=\"+62\">Indonesia (+62)<\/option><option value=\"+98\">Iran (+98)<\/option><option value=\"+964\">Iraq (+964)<\/option><option value=\"+353\">Ireland (+353)<\/option><option value=\"+972\">Israel (+972)<\/option><option value=\"+39\">Italy (+39)<\/option><option value=\"+1876\">Jamaica (+1876)<\/option><option value=\"+81\">Japan (+81)<\/option><option value=\"+962\">Jordan (+962)<\/option><option value=\"+7\">Kazakhstan (+7)<\/option><option value=\"+254\">Kenya (+254)<\/option><option value=\"+686\">Kiribati (+686)<\/option><option value=\"+850\">Korea North (+850)<\/option><option value=\"+82\">Korea South (+82)<\/option><option value=\"+965\">Kuwait (+965)<\/option><option value=\"+996\">Kyrgyzstan (+996)<\/option><option value=\"+856\">Laos (+856)<\/option><option value=\"+371\">Latvia (+371)<\/option><option value=\"+961\">Lebanon (+961)<\/option><option value=\"+266\">Lesotho (+266)<\/option><option value=\"+231\">Liberia (+231)<\/option><option value=\"+218\">Libya (+218)<\/option><option value=\"+417\">Liechtenstein (+417)<\/option><option value=\"+370\">Lithuania (+370)<\/option><option value=\"+352\">Luxembourg (+352)<\/option><option value=\"+853\">Macao (+853)<\/option><option value=\"+389\">Macedonia (+389)<\/option><option value=\"+261\">Madagascar (+261)<\/option><option value=\"+265\">Malawi (+265)<\/option><option value=\"+60\">Malaysia (+60)<\/option><option value=\"+960\">Maldives (+960)<\/option><option value=\"+223\">Mali (+223)<\/option><option value=\"+356\">Malta (+356)<\/option><option value=\"+692\">Marshall Islands (+692)<\/option><option value=\"+596\">Martinique (+596)<\/option><option value=\"+222\">Mauritania (+222)<\/option><option value=\"+269\">Mayotte (+269)<\/option><option value=\"+52\">Mexico (+52)<\/option><option value=\"+691\">Micronesia (+691)<\/option><option value=\"+373\">Moldova (+373)<\/option><option value=\"+377\">Monaco (+377)<\/option><option value=\"+976\">Mongolia (+976)<\/option><option value=\"+1664\">Montserrat (+1664)<\/option><option value=\"+212\">Morocco (+212)<\/option><option value=\"+258\">Mozambique (+258)<\/option><option value=\"+95\">Myanmar (+95)<\/option><option value=\"+264\">Namibia (+264)<\/option><option value=\"+674\">Nauru (+674)<\/option><option value=\"+977\">Nepal (+977)<\/option><option value=\"+31\">Netherlands (+31)<\/option><option value=\"+687\">New Caledonia (+687)<\/option><option value=\"+64\">New Zealand (+64)<\/option><option value=\"+505\">Nicaragua (+505)<\/option><option value=\"+227\">Niger (+227)<\/option><option value=\"+234\">Nigeria (+234)<\/option><option value=\"+683\">Niue (+683)<\/option><option value=\"+672\">Norfolk Islands (+672)<\/option><option value=\"+670\">Northern Marianas (+670)<\/option><option value=\"+47\">Norway (+47)<\/option><option value=\"+968\">Oman (+968)<\/option><option value=\"+680\">Palau (+680)<\/option><option value=\"+507\">Panama (+507)<\/option><option value=\"+675\">Papua New Guinea (+675)<\/option><option value=\"+595\">Paraguay (+595)<\/option><option value=\"+51\">Peru (+51)<\/option><option value=\"+63\">Philippines (+63)<\/option><option value=\"+48\" selected>Poland (+48)<\/option><option value=\"+351\">Portugal (+351)<\/option><option value=\"+1787\">Puerto Rico (+1787)<\/option><option value=\"+974\">Qatar (+974)<\/option><option value=\"+262\">Reunion (+262)<\/option><option value=\"+40\">Romania (+40)<\/option><option value=\"+7\">Russia (+7)<\/option><option value=\"+250\">Rwanda (+250)<\/option><option value=\"+378\">San Marino (+378)<\/option><option value=\"+239\">Sao Tome &amp; Principe (+239)<\/option><option value=\"+966\">Saudi Arabia (+966)<\/option><option value=\"+221\">Senegal (+221)<\/option><option value=\"+381\">Serbia (+381)<\/option><option value=\"+248\">Seychelles (+248)<\/option><option value=\"+232\">Sierra Leone (+232)<\/option><option value=\"+65\">Singapore (+65)<\/option><option value=\"+421\">Slovak Republic (+421)<\/option><option value=\"+386\">Slovenia (+386)<\/option><option value=\"+677\">Solomon Islands (+677)<\/option><option value=\"+252\">Somalia (+252)<\/option><option value=\"+27\">South Africa (+27)<\/option><option value=\"+34\">Spain (+34)<\/option><option value=\"+94\">Sri Lanka (+94)<\/option><option value=\"+290\">St. Helena (+290)<\/option><option value=\"+1869\">St. Kitts (+1869)<\/option><option value=\"+1758\">St. Lucia (+1758)<\/option><option value=\"+249\">Sudan (+249)<\/option><option value=\"+597\">Suriname (+597)<\/option><option value=\"+268\">Swaziland (+268)<\/option><option value=\"+46\">Sweden (+46)<\/option><option value=\"+41\">Switzerland (+41)<\/option><option value=\"+963\">Syria (+963)<\/option><option value=\"+886\">Taiwan (+886)<\/option><option value=\"+7\">Tajikstan (+7)<\/option><option value=\"+66\">Thailand (+66)<\/option><option value=\"+228\">Togo (+228)<\/option><option value=\"+676\">Tonga (+676)<\/option><option value=\"+1868\">Trinidad &amp; Tobago (+1868)<\/option><option value=\"+216\">Tunisia (+216)<\/option><option value=\"+90\">Turkey (+90)<\/option><option value=\"+7\">Turkmenistan (+7)<\/option><option value=\"+993\">Turkmenistan (+993)<\/option><option value=\"+1649\">Turks &amp; Caicos Islands (+1649)<\/option><option value=\"+688\">Tuvalu (+688)<\/option><option value=\"+256\">Uganda (+256)<\/option><option value=\"+380\">Ukraine (+380)<\/option><option value=\"+971\">United Arab Emirates (+971)<\/option><option value=\"+598\">Uruguay (+598)<\/option><option value=\"+7\">Uzbekistan (+7)<\/option><option value=\"+678\">Vanuatu (+678)<\/option><option value=\"+379\">Vatican City (+379)<\/option><option value=\"+58\">Venezuela (+58)<\/option><option value=\"+84\">Vietnam (+84)<\/option><option value=\"+84\">Virgin Islands &#8211; British (+1284)<\/option><option value=\"+84\">Virgin Islands &#8211; US (+1340)<\/option><option value=\"+681\">Wallis &amp; Futuna (+681)<\/option><option value=\"+969\">Yemen (North)(+969)<\/option><option value=\"+967\">Yemen (South)(+967)<\/option><option value=\"+260\">Zambia (+260)<\/option><option value=\"+263\">Zimbabwe (+263)<\/option><\/select><input type=\"tel\" placeholder=\"123 456 7890\" pattern=\"[0-9]{3}s?[0-9]{3}s?[0-9]{4}\" class=\"uagb-forms-phone-input uagb-forms-input\" name=\"Numer telefonu[]\" autocomplete=\"tel-national\"\/><\/div><\/div>\n\n\n\n<div class=\"wp-block-uagb-forms-textarea uagb-forms-textarea-wrap uagb-forms-field-set uagb-block-ffba70c8\"><div class=\"uagb-forms-textarea-label required uagb-forms-input-label\" id=\"ffba70c8\">Wiadomo\u015b\u0107<\/div><textarea required class=\"uagb-forms-textarea-input uagb-forms-input\" rows=\"4\" placeholder=\"Wiadomo\u015b\u0107\" name=\"ffba70c8\" autocomplete=\"off\"><\/textarea><\/div>\n<div class=\"uagb-forms-form-hidden-data\"><input type=\"hidden\" class=\"uagb_forms_form_label\" value=\"Formularz\"\/><input type=\"hidden\" class=\"uagb_forms_form_id\" value=\"uagb-form-c5403c23\"\/><\/div><div class=\"uagb-form-reacaptcha-error-c5403c23\"><\/div><div class=\"uagb-forms-main-submit-button-wrap wp-block-button\"><button class=\"uagb-forms-main-submit-button wp-block-button__link\"><div class=\"uagb-forms-main-submit-button-text\">Wy\u015blij wiadomo\u015b\u0107<\/div><\/button><\/div><\/form><div class=\"uagb-forms-success-message-c5403c23 uagb-forms-submit-message-hide\"><span>Wiadomo\u015b\u0107 zosta\u0142a wys\u0142ana<\/span><\/div><div class=\"uagb-forms-failed-message-c5403c23 uagb-forms-submit-message-hide\"><span>B\u0142\u0105d wysy\u0142ania wiadomo\u015bci<\/span><\/div><\/div>\n\n\n\n<div style=\"height:100px\" aria-hidden=\"true\" class=\"wp-block-spacer\"><\/div>\n<\/div><\/div>\n","protected":false},"excerpt":{"rendered":"<p>Skontaktuj si\u0119 z nam<\/p>\n","protected":false},"author":1,"featured_media":0,"parent":0,"menu_order":0,"comment_status":"closed","ping_status":"closed","template":"","meta":{"_uag_custom_page_level_css":"","neve_meta_sidebar":"","neve_meta_container":"full-width","neve_meta_enable_content_width":"","neve_meta_content_width":0,"neve_meta_title_alignment":"center","neve_meta_author_avatar":"","neve_post_elements_order":"","neve_meta_disable_header":"","neve_meta_disable_footer":"","neve_meta_disable_title":"","footnotes":""},"class_list":["post-221","page","type-page","status-publish","hentry"],"uagb_featured_image_src":{"full":false,"thumbnail":false,"medium":false,"medium_large":false,"large":false,"1536x1536":false,"2048x2048":false,"neve-blog":false},"uagb_author_info":{"display_name":"admin1849","author_link":"https:\/\/kancelaria.mielec.pl\/index.php\/author\/admin1849\/"},"uagb_comment_info":0,"uagb_excerpt":"Skontaktuj si\u0119 z nam","_links":{"self":[{"href":"https:\/\/kancelaria.mielec.pl\/index.php\/wp-json\/wp\/v2\/pages\/221","targetHints":{"allow":["GET"]}}],"collection":[{"href":"https:\/\/kancelaria.mielec.pl\/index.php\/wp-json\/wp\/v2\/pages"}],"about":[{"href":"https:\/\/kancelaria.mielec.pl\/index.php\/wp-json\/wp\/v2\/types\/page"}],"author":[{"embeddable":true,"href":"https:\/\/kancelaria.mielec.pl\/index.php\/wp-json\/wp\/v2\/users\/1"}],"replies":[{"embeddable":true,"href":"https:\/\/kancelaria.mielec.pl\/index.php\/wp-json\/wp\/v2\/comments?post=221"}],"version-history":[{"count":86,"href":"https:\/\/kancelaria.mielec.pl\/index.php\/wp-json\/wp\/v2\/pages\/221\/revisions"}],"predecessor-version":[{"id":725,"href":"https:\/\/kancelaria.mielec.pl\/index.php\/wp-json\/wp\/v2\/pages\/221\/revisions\/725"}],"wp:attachment":[{"href":"https:\/\/kancelaria.mielec.pl\/index.php\/wp-json\/wp\/v2\/media?parent=221"}],"curies":[{"name":"wp","href":"https:\/\/api.w.org\/{rel}","templated":true}]}}